{"id":2928,"date":"2023-07-12T11:27:27","date_gmt":"2023-07-12T14:27:27","guid":{"rendered":"https:\/\/strobelamerica.com\/politica-de-privacidad\/"},"modified":"2023-08-16T16:35:11","modified_gmt":"2023-08-16T19:35:11","slug":"politica-de-privacidad","status":"publish","type":"page","link":"https:\/\/strobelamerica.com\/es\/politica-de-privacidad\/","title":{"rendered":"Pol\u00edtica de privacidad"},"content":{"rendered":"\t\t<div data-elementor-type=\"wp-page\" data-elementor-id=\"2928\" class=\"elementor elementor-2928 elementor-89\" data-elementor-post-type=\"page\">\n\t\t\t\t<section class=\"elementor-element elementor-element-7625210 banner-pages e-flex e-con-boxed e-con e-parent\" data-id=\"7625210\" data-element_type=\"container\" data-e-type=\"container\" data-settings=\"{&quot;background_background&quot;:&quot;classic&quot;}\">\n\t\t\t\t\t<div class=\"e-con-inner\">\n\t\t<div class=\"elementor-element elementor-element-ddea6fc e-flex e-con-boxed e-con e-parent\" data-id=\"ddea6fc\" data-element_type=\"container\" data-e-type=\"container\">\n\t\t\t\t\t<div class=\"e-con-inner\">\n\t\t\t\t<div class=\"elementor-element elementor-element-c51b889 elementor-widget elementor-widget-heading\" data-id=\"c51b889\" data-element_type=\"widget\" data-e-type=\"widget\" data-widget_type=\"heading.default\">\n\t\t\t\t<div class=\"elementor-widget-container\">\n\t\t\t\t\t<h1 class=\"elementor-heading-title elementor-size-default\">Pol\u00edtica de <span class=\"red\">privacidad<\/span><\/h1>\t\t\t\t<\/div>\n\t\t\t\t<\/div>\n\t\t\t\t\t<\/div>\n\t\t\t\t<\/div>\n\t\t\t\t\t<\/div>\n\t\t\t\t<\/section>\n\t\t<article class=\"elementor-element elementor-element-cec4e6c e-flex e-con-boxed e-con e-parent\" data-id=\"cec4e6c\" data-element_type=\"container\" data-e-type=\"container\">\n\t\t\t\t\t<div class=\"e-con-inner\">\n\t\t\t\t<div class=\"elementor-element elementor-element-10f98ce elementor-widget__width-initial elementor-widget elementor-widget-text-editor\" data-id=\"10f98ce\" data-element_type=\"widget\" data-e-type=\"widget\" data-widget_type=\"text-editor.default\">\n\t\t\t\t<div class=\"elementor-widget-container\">\n\t\t\t\t\t\t\t\t\t<p>Su privacidad es importante para nosotros. Es pol\u00edtica de <strong>Strobel &amp;<\/strong> Santos respetar su privacidad con respecto a cualquier informaci\u00f3n que podamos recopilar de usted a trav\u00e9s de nuestro sitio Web, <strong>Strobel &amp;<\/strong> Santos, y otros sitios que poseemos y operamos.<\/p>\n<p>S\u00f3lo pedimos informaci\u00f3n personal cuando realmente la necesitamos para prestarle un servicio. Lo hacemos por medios justos y legales, con su conocimiento y consentimiento. Tambi\u00e9n le informamos de por qu\u00e9 adquirimos la informaci\u00f3n y c\u00f3mo se utilizar\u00e1.<\/p>\n<p>S\u00f3lo conservamos la informaci\u00f3n adquirida durante el tiempo necesario para prestar el servicio solicitado. Cuando almacenamos datos, los protegemos con medios comercialmente aceptables para evitar p\u00e9rdidas y robos, as\u00ed como el acceso, la divulgaci\u00f3n, la copia, el uso o la modificaci\u00f3n no autorizados.<\/p>\n<p>No compartimos informaci\u00f3n de identificaci\u00f3n personal p\u00fablicamente ni con terceros, excepto cuando lo exige la ley.<\/p>\n<p>Nuestro sitio web puede contener enlaces a sitios web externos no gestionados por nosotros. Tenga en cuenta que no tenemos ning\u00fan control sobre el contenido y las pr\u00e1cticas de estos sitios y no podemos aceptar la responsabilidad de sus respectivas pol\u00edticas de privacidad.<\/p>\n<p>Usted es libre de rechazar nuestra solicitud de informaci\u00f3n personal, entendiendo que es posible que no podamos prestarle algunos de los servicios que necesita.<\/p>\n<p>Su uso continuado de nuestro sitio web se considerar\u00e1 una aceptaci\u00f3n de nuestras pr\u00e1cticas de privacidad e informaci\u00f3n personal. Si tiene alguna pregunta sobre c\u00f3mo tratamos los datos de los usuarios y la informaci\u00f3n personal, p\u00f3ngase en contacto con nosotros.<\/p>\n<h2>Cookie de terceros<\/h2>\n<p>&#8211; Este sitio utiliza Google Analytics, que es una de las soluciones de an\u00e1lisis m\u00e1s extendidas y fiables de la web, para ayudarnos a comprender c\u00f3mo utiliza el sitio y c\u00f3mo podemos mejorar su experiencia. Estas cookies pueden identificar elementos como el tiempo que pasa en el sitio y las p\u00e1ginas que visita, para que podamos seguir produciendo contenidos atractivos.<\/p>\n<p>Para obtener m\u00e1s informaci\u00f3n sobre las cookies de Google Analytics, consulte la p\u00e1gina oficial de Google Analytics.<\/p>\n<p>&#8211; Los an\u00e1lisis de terceros se utilizan para identificar y medir el uso de este sitio, de modo que podamos seguir produciendo contenidos atractivos.<br \/>Estas cookies pueden identificar elementos como el tiempo que pasa en el sitio o las p\u00e1ginas que visita, lo que nos ayuda a comprender c\u00f3mo podemos mejorar el sitio para usted.<\/p>\n<p>&#8211; Peri\u00f3dicamente probamos nuevas funciones y hacemos cambios sutiles en el aspecto del sitio. Cuando a\u00fan estamos probando nuevas funciones, estas cookies pueden utilizarse para garantizar que usted reciba una experiencia coherente mientras navega por el sitio, al tiempo que comprendemos qu\u00e9 optimizaciones aprecian m\u00e1s nuestros usuarios.<\/p>\n<h2>M\u00e1s informaci\u00f3n<\/h2>\n<p>Esperamos que haya quedado claro y, como se ha mencionado anteriormente, si hay algo que no est\u00e1 seguro de si necesita o no, por lo general es m\u00e1s seguro dejar las cookies activadas si interact\u00faa con una de las funciones que utiliza en nuestro sitio.<\/p>\n<p>Esta pol\u00edtica entrar\u00e1 en vigor en junio de 2023<\/p>\n\t\t\t\t\t\t\t\t<\/div>\n\t\t\t\t<\/div>\n\t\t\t\t\t<\/div>\n\t\t\t\t<\/article>\n\t\t\t\t<\/div>\n\t\t","protected":false},"excerpt":{"rendered":"<p>Pol\u00edtica de privacidad Su privacidad es importante para nosotros. Es pol\u00edtica de Strobel &amp; Santos respetar su privacidad con respecto a cualquier informaci\u00f3n que podamos recopilar de usted a trav\u00e9s de nuestro sitio Web, Strobel &amp; Santos, y otros sitios que poseemos y operamos. S\u00f3lo pedimos informaci\u00f3n personal cuando realmente la necesitamos para prestarle un [&hellip;]<\/p>\n","protected":false},"author":2,"featured_media":2573,"parent":0,"menu_order":0,"comment_status":"closed","ping_status":"closed","template":"","meta":{"_acf_changed":false,"footnotes":""},"class_list":["post-2928","page","type-page","status-publish","has-post-thumbnail","hentry"],"acf":[],"yoast_head":"<!-- This site is optimized with the Yoast SEO plugin v26.8 - https:\/\/yoast.com\/product\/yoast-seo-wordpress\/ -->\n<title>Pol\u00edtica de privacidad | Strobel America - Your American Greencard<\/title>\n<meta name=\"description\" content=\"Strobel America es un equipo de abogados y asistentes jur\u00eddicos asociados a ImmiVisa Law Group USA, especializados en la obtenci\u00f3n de la tarjeta verde americana.\" \/>\n<meta name=\"robots\" content=\"index, follow, max-snippet:-1, max-image-preview:large, max-video-preview:-1\" \/>\n<link rel=\"canonical\" href=\"https:\/\/strobelamerica.com\/es\/politica-de-privacidad\/\" \/>\n<meta property=\"og:locale\" content=\"es_ES\" \/>\n<meta property=\"og:type\" content=\"article\" \/>\n<meta property=\"og:title\" content=\"Pol\u00edtica de privacidad | Strobel America - Your American Greencard\" \/>\n<meta property=\"og:description\" content=\"Strobel America es un equipo de abogados y asistentes jur\u00eddicos asociados a ImmiVisa Law Group USA, especializados en la obtenci\u00f3n de la tarjeta verde americana.\" \/>\n<meta property=\"og:url\" content=\"https:\/\/strobelamerica.com\/es\/politica-de-privacidad\/\" \/>\n<meta property=\"og:site_name\" content=\"Strobel America\" \/>\n<meta property=\"article:publisher\" content=\"https:\/\/www.facebook.com\/strobelamerica\" \/>\n<meta property=\"article:modified_time\" content=\"2023-08-16T19:35:11+00:00\" \/>\n<meta name=\"twitter:card\" content=\"summary_large_image\" \/>\n<meta name=\"twitter:label1\" content=\"Tiempo de lectura\" \/>\n\t<meta name=\"twitter:data1\" content=\"3 minutos\" \/>\n<script type=\"application\/ld+json\" class=\"yoast-schema-graph\">{\"@context\":\"https:\/\/schema.org\",\"@graph\":[{\"@type\":\"WebPage\",\"@id\":\"https:\/\/strobelamerica.com\/es\/politica-de-privacidad\/\",\"url\":\"https:\/\/strobelamerica.com\/es\/politica-de-privacidad\/\",\"name\":\"Pol\u00edtica de privacidad | Strobel America - Your American Greencard\",\"isPartOf\":{\"@id\":\"https:\/\/strobelamerica.com\/#website\"},\"primaryImageOfPage\":{\"@id\":\"https:\/\/strobelamerica.com\/es\/politica-de-privacidad\/#primaryimage\"},\"image\":{\"@id\":\"https:\/\/strobelamerica.com\/es\/politica-de-privacidad\/#primaryimage\"},\"thumbnailUrl\":\"https:\/\/strobelamerica.com\/wp-content\/uploads\/2023\/08\/selo-estatico-strobel.svg\",\"datePublished\":\"2023-07-12T14:27:27+00:00\",\"dateModified\":\"2023-08-16T19:35:11+00:00\",\"description\":\"Strobel America es un equipo de abogados y asistentes jur\u00eddicos asociados a ImmiVisa Law Group USA, especializados en la obtenci\u00f3n de la tarjeta verde americana.\",\"breadcrumb\":{\"@id\":\"https:\/\/strobelamerica.com\/es\/politica-de-privacidad\/#breadcrumb\"},\"inLanguage\":\"es\",\"potentialAction\":[{\"@type\":\"ReadAction\",\"target\":[\"https:\/\/strobelamerica.com\/es\/politica-de-privacidad\/\"]}]},{\"@type\":\"ImageObject\",\"inLanguage\":\"es\",\"@id\":\"https:\/\/strobelamerica.com\/es\/politica-de-privacidad\/#primaryimage\",\"url\":\"https:\/\/strobelamerica.com\/wp-content\/uploads\/2023\/08\/selo-estatico-strobel.svg\",\"contentUrl\":\"https:\/\/strobelamerica.com\/wp-content\/uploads\/2023\/08\/selo-estatico-strobel.svg\",\"width\":154,\"height\":154},{\"@type\":\"BreadcrumbList\",\"@id\":\"https:\/\/strobelamerica.com\/es\/politica-de-privacidad\/#breadcrumb\",\"itemListElement\":[{\"@type\":\"ListItem\",\"position\":1,\"name\":\"In\u00edcio\",\"item\":\"https:\/\/strobelamerica.com\/\"},{\"@type\":\"ListItem\",\"position\":2,\"name\":\"Pol\u00edtica de privacidad\"}]},{\"@type\":\"WebSite\",\"@id\":\"https:\/\/strobelamerica.com\/#website\",\"url\":\"https:\/\/strobelamerica.com\/\",\"name\":\"Strobel America\",\"description\":\"O seu greencard americano\",\"publisher\":{\"@id\":\"https:\/\/strobelamerica.com\/#organization\"},\"potentialAction\":[{\"@type\":\"SearchAction\",\"target\":{\"@type\":\"EntryPoint\",\"urlTemplate\":\"https:\/\/strobelamerica.com\/?s={search_term_string}\"},\"query-input\":{\"@type\":\"PropertyValueSpecification\",\"valueRequired\":true,\"valueName\":\"search_term_string\"}}],\"inLanguage\":\"es\"},{\"@type\":\"Organization\",\"@id\":\"https:\/\/strobelamerica.com\/#organization\",\"name\":\"Strobel America\",\"url\":\"https:\/\/strobelamerica.com\/\",\"logo\":{\"@type\":\"ImageObject\",\"inLanguage\":\"es\",\"@id\":\"https:\/\/strobelamerica.com\/#\/schema\/logo\/image\/\",\"url\":\"https:\/\/strobelamerica.com\/wp-content\/uploads\/2023\/08\/selo-estatico-strobel.svg\",\"contentUrl\":\"https:\/\/strobelamerica.com\/wp-content\/uploads\/2023\/08\/selo-estatico-strobel.svg\",\"width\":154,\"height\":154,\"caption\":\"Strobel America\"},\"image\":{\"@id\":\"https:\/\/strobelamerica.com\/#\/schema\/logo\/image\/\"},\"sameAs\":[\"https:\/\/www.facebook.com\/strobelamerica\",\"https:\/\/www.instagram.com\/strobelamerica\/\",\"https:\/\/www.youtube.com\/c\/StrobelAmerica2020\"]}]}<\/script>\n<!-- \/ Yoast SEO plugin. -->","yoast_head_json":{"title":"Pol\u00edtica de privacidad | Strobel America - Your American Greencard","description":"Strobel America es un equipo de abogados y asistentes jur\u00eddicos asociados a ImmiVisa Law Group USA, especializados en la obtenci\u00f3n de la tarjeta verde americana.","robots":{"index":"index","follow":"follow","max-snippet":"max-snippet:-1","max-image-preview":"max-image-preview:large","max-video-preview":"max-video-preview:-1"},"canonical":"https:\/\/strobelamerica.com\/es\/politica-de-privacidad\/","og_locale":"es_ES","og_type":"article","og_title":"Pol\u00edtica de privacidad | Strobel America - Your American Greencard","og_description":"Strobel America es un equipo de abogados y asistentes jur\u00eddicos asociados a ImmiVisa Law Group USA, especializados en la obtenci\u00f3n de la tarjeta verde americana.","og_url":"https:\/\/strobelamerica.com\/es\/politica-de-privacidad\/","og_site_name":"Strobel America","article_publisher":"https:\/\/www.facebook.com\/strobelamerica","article_modified_time":"2023-08-16T19:35:11+00:00","twitter_card":"summary_large_image","twitter_misc":{"Tiempo de lectura":"3 minutos"},"schema":{"@context":"https:\/\/schema.org","@graph":[{"@type":"WebPage","@id":"https:\/\/strobelamerica.com\/es\/politica-de-privacidad\/","url":"https:\/\/strobelamerica.com\/es\/politica-de-privacidad\/","name":"Pol\u00edtica de privacidad | Strobel America - Your American Greencard","isPartOf":{"@id":"https:\/\/strobelamerica.com\/#website"},"primaryImageOfPage":{"@id":"https:\/\/strobelamerica.com\/es\/politica-de-privacidad\/#primaryimage"},"image":{"@id":"https:\/\/strobelamerica.com\/es\/politica-de-privacidad\/#primaryimage"},"thumbnailUrl":"https:\/\/strobelamerica.com\/wp-content\/uploads\/2023\/08\/selo-estatico-strobel.svg","datePublished":"2023-07-12T14:27:27+00:00","dateModified":"2023-08-16T19:35:11+00:00","description":"Strobel America es un equipo de abogados y asistentes jur\u00eddicos asociados a ImmiVisa Law Group USA, especializados en la obtenci\u00f3n de la tarjeta verde americana.","breadcrumb":{"@id":"https:\/\/strobelamerica.com\/es\/politica-de-privacidad\/#breadcrumb"},"inLanguage":"es","potentialAction":[{"@type":"ReadAction","target":["https:\/\/strobelamerica.com\/es\/politica-de-privacidad\/"]}]},{"@type":"ImageObject","inLanguage":"es","@id":"https:\/\/strobelamerica.com\/es\/politica-de-privacidad\/#primaryimage","url":"https:\/\/strobelamerica.com\/wp-content\/uploads\/2023\/08\/selo-estatico-strobel.svg","contentUrl":"https:\/\/strobelamerica.com\/wp-content\/uploads\/2023\/08\/selo-estatico-strobel.svg","width":154,"height":154},{"@type":"BreadcrumbList","@id":"https:\/\/strobelamerica.com\/es\/politica-de-privacidad\/#breadcrumb","itemListElement":[{"@type":"ListItem","position":1,"name":"In\u00edcio","item":"https:\/\/strobelamerica.com\/"},{"@type":"ListItem","position":2,"name":"Pol\u00edtica de privacidad"}]},{"@type":"WebSite","@id":"https:\/\/strobelamerica.com\/#website","url":"https:\/\/strobelamerica.com\/","name":"Strobel America","description":"O seu greencard americano","publisher":{"@id":"https:\/\/strobelamerica.com\/#organization"},"potentialAction":[{"@type":"SearchAction","target":{"@type":"EntryPoint","urlTemplate":"https:\/\/strobelamerica.com\/?s={search_term_string}"},"query-input":{"@type":"PropertyValueSpecification","valueRequired":true,"valueName":"search_term_string"}}],"inLanguage":"es"},{"@type":"Organization","@id":"https:\/\/strobelamerica.com\/#organization","name":"Strobel America","url":"https:\/\/strobelamerica.com\/","logo":{"@type":"ImageObject","inLanguage":"es","@id":"https:\/\/strobelamerica.com\/#\/schema\/logo\/image\/","url":"https:\/\/strobelamerica.com\/wp-content\/uploads\/2023\/08\/selo-estatico-strobel.svg","contentUrl":"https:\/\/strobelamerica.com\/wp-content\/uploads\/2023\/08\/selo-estatico-strobel.svg","width":154,"height":154,"caption":"Strobel America"},"image":{"@id":"https:\/\/strobelamerica.com\/#\/schema\/logo\/image\/"},"sameAs":["https:\/\/www.facebook.com\/strobelamerica","https:\/\/www.instagram.com\/strobelamerica\/","https:\/\/www.youtube.com\/c\/StrobelAmerica2020"]}]}},"_links":{"self":[{"href":"https:\/\/strobelamerica.com\/es\/wp-json\/wp\/v2\/pages\/2928","targetHints":{"allow":["GET"]}}],"collection":[{"href":"https:\/\/strobelamerica.com\/es\/wp-json\/wp\/v2\/pages"}],"about":[{"href":"https:\/\/strobelamerica.com\/es\/wp-json\/wp\/v2\/types\/page"}],"author":[{"embeddable":true,"href":"https:\/\/strobelamerica.com\/es\/wp-json\/wp\/v2\/users\/2"}],"replies":[{"embeddable":true,"href":"https:\/\/strobelamerica.com\/es\/wp-json\/wp\/v2\/comments?post=2928"}],"version-history":[{"count":0,"href":"https:\/\/strobelamerica.com\/es\/wp-json\/wp\/v2\/pages\/2928\/revisions"}],"wp:featuredmedia":[{"embeddable":true,"href":"https:\/\/strobelamerica.com\/es\/wp-json\/wp\/v2\/media\/2573"}],"wp:attachment":[{"href":"https:\/\/strobelamerica.com\/es\/wp-json\/wp\/v2\/media?parent=2928"}],"curies":[{"name":"wp","href":"https:\/\/api.w.org\/{rel}","templated":true}]}}